{"id":55,"date":"2015-08-24T10:56:15","date_gmt":"2015-08-24T08:56:15","guid":{"rendered":"http:\/\/www.gipsy.de\/Homepage\/Software\/?page_id=55"},"modified":"2019-01-28T09:51:52","modified_gmt":"2019-01-28T08:51:52","slug":"proreport","status":"publish","type":"page","link":"http:\/\/www.gipsy.de\/Homepage\/Software\/proreport\/","title":{"rendered":"ProReport"},"content":{"rendered":"<h2 style=\"color:#ad0300;\">GiPsy<sup>\u00ae<\/sup> ProReport<\/h2>\n<p style=\" color: #231f20; text-align: justify;\">Die neue Software GiPsy<sup>\u00ae<\/sup> ProReport revolutioniert das Controlling im Verkauf und Service: Anstelle unz\u00e4hliger Excel Tabellen, die oft m\u00fchsam von Hand gef\u00fcllt werden mussten, steht jetzt ein Tool, das zeitnah alle wichtigen operativen Kennzahlen liefert und diese nach Bedarf auf Gruppenebene, regional oder nach Standorten bzw. nach Verk\u00e4ufer oder weiteren wichtigen Kenngr\u00f6\u00dfen aufgliedert. Die Steuerung der Mitarbeiter wird mit diesen Zahlen erheblich erleichtert.<\/p>\n<p style=\" color: #231f20; text-align: justify;\">Einmalig definierte bzw. als Template von der GiPsy<sup>\u00ae<\/sup> \u00fcbernommene Berichte und Auswertungen aktualisiert die Software automatisch und sendet sie als fertige PDF-Datei mit Kennzahlen und Grafiken zum exakten Termin an die ausgew\u00e4hlten Adressaten.<\/p>\n<p style=\" color: #231f20; text-align: justify;\">All das ist aber nur ein erster Vorgeschmack auf die neue GiPsy<sup>\u00ae<\/sup> Software, die sich aktuell in der Entwicklung befindet. In diese integrierte Autohaussoftware werden alle Funktionen implementiert, die das Zusammenspiel zwischen Verk\u00e4ufer-Arbeitsplatz, DMS, B\u00f6rsen, Personalberechung und Buchhaltung erleichtern. Darin sollen nicht nur die Praxiserfahrungen unserer Kunden und das Know-how unserer Berater einflie\u00dfen: Falls auch Sie Ihre Vorstellungen einer neuartigen, prozessorientierten und benutzerfreundlichen Software einbringen m\u00f6chten, freuen wir uns \u00fcber Ihre Anregungen.<\/p>\n<h6>Die Zukunft beginnt heute!<\/h6>\n<p>&nbsp;<\/p>\n","protected":false},"excerpt":{"rendered":"<p>GiPsy\u00ae ProReport Die neue Software GiPsy\u00ae ProReport revolutioniert das Controlling im Verkauf und Service: Anstelle unz\u00e4hliger Excel Tabellen, die oft m\u00fchsam von Hand gef\u00fcllt werden mussten, steht jetzt ein Tool, das zeitnah alle wichtigen operativen Kennzahlen liefert und diese nach Bedarf auf Gruppenebene, regional oder nach Standorten bzw. nach Verk\u00e4ufer oder weiteren wichtigen Kenngr\u00f6\u00dfen aufgliedert.<\/p>\n","protected":false},"author":1,"featured_media":0,"parent":0,"menu_order":0,"comment_status":"open","ping_status":"open","template":"","meta":[],"_links":{"self":[{"href":"http:\/\/www.gipsy.de\/Homepage\/Software\/wp-json\/wp\/v2\/pages\/55"}],"collection":[{"href":"http:\/\/www.gipsy.de\/Homepage\/Software\/wp-json\/wp\/v2\/pages"}],"about":[{"href":"http:\/\/www.gipsy.de\/Homepage\/Software\/wp-json\/wp\/v2\/types\/page"}],"author":[{"embeddable":true,"href":"http:\/\/www.gipsy.de\/Homepage\/Software\/wp-json\/wp\/v2\/users\/1"}],"replies":[{"embeddable":true,"href":"http:\/\/www.gipsy.de\/Homepage\/Software\/wp-json\/wp\/v2\/comments?post=55"}],"version-history":[{"count":7,"href":"http:\/\/www.gipsy.de\/Homepage\/Software\/wp-json\/wp\/v2\/pages\/55\/revisions"}],"predecessor-version":[{"id":225,"href":"http:\/\/www.gipsy.de\/Homepage\/Software\/wp-json\/wp\/v2\/pages\/55\/revisions\/225"}],"wp:attachment":[{"href":"http:\/\/www.gipsy.de\/Homepage\/Software\/wp-json\/wp\/v2\/media?parent=55"}],"curies":[{"name":"wp","href":"https:\/\/api.w.org\/{rel}","templated":true}]}}