{"id":53,"date":"2015-08-24T10:56:04","date_gmt":"2015-08-24T08:56:04","guid":{"rendered":"http:\/\/www.gipsy.de\/Homepage\/Software\/?page_id=53"},"modified":"2019-01-28T09:53:58","modified_gmt":"2019-01-28T08:53:58","slug":"servision","status":"publish","type":"page","link":"http:\/\/www.gipsy.de\/Homepage\/Software\/servision\/","title":{"rendered":"SerVision"},"content":{"rendered":"<h2 style=\"color:#ad0300;\">GiPsy<sup>\u00ae<\/sup> SerVision<\/h2>\n<p><h3>Verg\u00fctung als F\u00fchrungsinstrument<\/h3>\n<\/p>\n<p><h5 style=\"font-size:15.0px;\">Leistung soll sich lohnen!<\/h5>\n<p style=\"color: #231f20; text-align: justify;\">Diese Aussage wird allgemein best\u00e4tigt. Aber wie soll das umgesetzt werden?<\/p>\n<p style=\"color: #231f20; text-align: justify;\"><em style=\"color:#00aaad;\">&#8222;Mache das Verhalten des Mitarbeiters messbar, dann kann er es ver\u00e4ndern<\/em>\u201c, ist eine bew\u00e4hrte F\u00fchrungserkenntnis. Wir machen deshalb die Leistungen der Mitarbeiter f\u00fcr unsere Kunden\u00a0selbst transparent und zeigen ihnen auf, wie sie einen Mehrwert f\u00fcr das Autohaus und damit verbunden h\u00f6here Pr\u00e4mien f\u00fcr sich erzielen k\u00f6nnen. Der Mitarbeiter soll an allen sich ihm bietenden M\u00f6glichkeiten der Wertsch\u00f6pfung beteiligt werden. Er soll angemessen an dem Ertrag, der mit seinem Beitrag zum Unternehmen erwirtschaftet wird, partizipieren.<\/p>\n<p style=\"color: #231f20; text-align: justify;\">Durch SerVision reduzieren Autoh\u00e4user den Aufwand f\u00fcr die Berechnung und Verwaltung von Provisions- und Pr\u00e4mienanspr\u00fcchen sowie der Verg\u00fctungsabrechnung am Monatsende sp\u00fcrbar.<\/p><\/p>\n","protected":false},"excerpt":{"rendered":"<p>GiPsy\u00ae SerVision Verg\u00fctung als F\u00fchrungsinstrument Leistung soll sich lohnen! Diese Aussage wird allgemein best\u00e4tigt. Aber wie soll das umgesetzt werden? &#8222;Mache das Verhalten des Mitarbeiters messbar, dann kann er es ver\u00e4ndern\u201c, ist eine bew\u00e4hrte F\u00fchrungserkenntnis. Wir machen deshalb die Leistungen der Mitarbeiter f\u00fcr unsere Kunden\u00a0selbst transparent und zeigen ihnen auf, wie sie einen Mehrwert f\u00fcr<\/p>\n","protected":false},"author":1,"featured_media":0,"parent":0,"menu_order":0,"comment_status":"open","ping_status":"open","template":"","meta":[],"_links":{"self":[{"href":"http:\/\/www.gipsy.de\/Homepage\/Software\/wp-json\/wp\/v2\/pages\/53"}],"collection":[{"href":"http:\/\/www.gipsy.de\/Homepage\/Software\/wp-json\/wp\/v2\/pages"}],"about":[{"href":"http:\/\/www.gipsy.de\/Homepage\/Software\/wp-json\/wp\/v2\/types\/page"}],"author":[{"embeddable":true,"href":"http:\/\/www.gipsy.de\/Homepage\/Software\/wp-json\/wp\/v2\/users\/1"}],"replies":[{"embeddable":true,"href":"http:\/\/www.gipsy.de\/Homepage\/Software\/wp-json\/wp\/v2\/comments?post=53"}],"version-history":[{"count":9,"href":"http:\/\/www.gipsy.de\/Homepage\/Software\/wp-json\/wp\/v2\/pages\/53\/revisions"}],"predecessor-version":[{"id":217,"href":"http:\/\/www.gipsy.de\/Homepage\/Software\/wp-json\/wp\/v2\/pages\/53\/revisions\/217"}],"wp:attachment":[{"href":"http:\/\/www.gipsy.de\/Homepage\/Software\/wp-json\/wp\/v2\/media?parent=53"}],"curies":[{"name":"wp","href":"https:\/\/api.w.org\/{rel}","templated":true}]}}