{"id":51,"date":"2015-08-24T10:55:51","date_gmt":"2015-08-24T08:55:51","guid":{"rendered":"http:\/\/www.gipsy.de\/Homepage\/Software\/?page_id=51"},"modified":"2019-01-28T09:53:09","modified_gmt":"2019-01-28T08:53:09","slug":"provision","status":"publish","type":"page","link":"http:\/\/www.gipsy.de\/Homepage\/Software\/provision\/","title":{"rendered":"ProVision"},"content":{"rendered":"<h2 style=\"color:#ad0300;\">GiPsy<sup>\u00ae<\/sup>\u00a0ProVision<\/h2>\n<p><h3>Konsequente Prozessorientierung<\/h3>\n<p style=\"color: #231f20; text-align: justify;\">Unsere Kunden\u00a0profitieren von der Optimierung der Gesch\u00e4ftsprozesse, die mit der Einf\u00fchrung von ProVision verbunden ist.<\/p>\n<p style=\"color: #231f20; text-align: justify;\">Urspr\u00fcnglich entwickelt als reine Provisionsberechnungssoftware nutzt ProVision nun konsequent die Synergien, die durch die gemeinsame Datenplattform m\u00f6glich sind. Es lassen sich ganz individuelle Verg\u00fctungsvereinbarungen hinterlegen, so dass sehr Moderne Verg\u00fctungssysteme problemlos \u00fcbernommen werden k\u00f6nnen, damit Verk\u00e4ufer gute Chancen haben ihr Garantiegehalt zu toppen. Die bedienerfreundliche Oberfl\u00e4che mit Listenansicht erlaubt einen schnellen Zugriff auf die Gesch\u00e4ftsdaten aus unterschiedlichen Perspektiven.<\/p>\n<p style=\"color: #231f20; text-align: justify;\">ProVision ist konsequent dem Workflow im Autohaus angepasst. So ist es gleicherma\u00dfen f\u00fcr kleine Autoh\u00e4user wie f\u00fcr gro\u00dfe Gruppen geeignet.<\/p>\n<\/p>\n<p>&nbsp;<\/p>\n","protected":false},"excerpt":{"rendered":"<p>GiPsy\u00ae\u00a0ProVision Konsequente Prozessorientierung Unsere Kunden\u00a0profitieren von der Optimierung der Gesch\u00e4ftsprozesse, die mit der Einf\u00fchrung von ProVision verbunden ist. Urspr\u00fcnglich entwickelt als reine Provisionsberechnungssoftware nutzt ProVision nun konsequent die Synergien, die durch die gemeinsame Datenplattform m\u00f6glich sind. Es lassen sich ganz individuelle Verg\u00fctungsvereinbarungen hinterlegen, so dass sehr Moderne Verg\u00fctungssysteme problemlos \u00fcbernommen werden k\u00f6nnen, damit Verk\u00e4ufer gute<\/p>\n","protected":false},"author":1,"featured_media":0,"parent":0,"menu_order":0,"comment_status":"open","ping_status":"open","template":"","meta":[],"_links":{"self":[{"href":"http:\/\/www.gipsy.de\/Homepage\/Software\/wp-json\/wp\/v2\/pages\/51"}],"collection":[{"href":"http:\/\/www.gipsy.de\/Homepage\/Software\/wp-json\/wp\/v2\/pages"}],"about":[{"href":"http:\/\/www.gipsy.de\/Homepage\/Software\/wp-json\/wp\/v2\/types\/page"}],"author":[{"embeddable":true,"href":"http:\/\/www.gipsy.de\/Homepage\/Software\/wp-json\/wp\/v2\/users\/1"}],"replies":[{"embeddable":true,"href":"http:\/\/www.gipsy.de\/Homepage\/Software\/wp-json\/wp\/v2\/comments?post=51"}],"version-history":[{"count":13,"href":"http:\/\/www.gipsy.de\/Homepage\/Software\/wp-json\/wp\/v2\/pages\/51\/revisions"}],"predecessor-version":[{"id":215,"href":"http:\/\/www.gipsy.de\/Homepage\/Software\/wp-json\/wp\/v2\/pages\/51\/revisions\/215"}],"wp:attachment":[{"href":"http:\/\/www.gipsy.de\/Homepage\/Software\/wp-json\/wp\/v2\/media?parent=51"}],"curies":[{"name":"wp","href":"https:\/\/api.w.org\/{rel}","templated":true}]}}