{"id":46,"date":"2015-08-24T10:50:15","date_gmt":"2015-08-24T08:50:15","guid":{"rendered":"http:\/\/www.gipsy.de\/Homepage\/Software\/?page_id=46"},"modified":"2019-01-28T09:50:52","modified_gmt":"2019-01-28T08:50:52","slug":"myselect","status":"publish","type":"page","link":"http:\/\/www.gipsy.de\/Homepage\/Software\/myselect\/","title":{"rendered":"MySelect"},"content":{"rendered":"<h2 style=\"color:ad0300;\">\u00dcberzeugende Funktionalit\u00e4t und Benutzerfreundlichkeit<\/h2>\n<p style=\" color: #231f20; text-align: justify;\">Als web basierte Software ist GiPsy<sup>\u00ae<\/sup> MySelect von \u00fcberall aus nutzbar. Ein verst\u00e4ndliches Rechtesystem erm\u00f6glicht es, Mitarbeiter mit verschiedenen Aufgaben zu beteiligen. Das Anlegen einzelner Stellen erfordert nur wenige Klicks. Flexibel zu\u00a0definierende Workflow-Schritte, Kommentar-, Filter- und Kennzeichnungsfunktionen schaffen auch bei zahlreichen Bewerbungen und parallelen Verfahren hervorragenden \u00dcberblick.<\/p>\n<p style=\" color: #231f20; text-align: justify;\">Standardisierte Abl\u00e4ufe und automatisch versendete E-Mails sparen kostbare Zeit und sorgen mit Verl\u00e4sslichkeit und Transparenz f\u00fcr wertvolle Professionalit\u00e4t im Bewerbermanagement im\u00a0Unternehmen.<\/p>\n<h3>Unsere Kunden nutzen\u00a0GiPsy<sup>\u00ae<\/sup> MySelect wie sie m\u00f6chten<\/h3>\n<p style=\" color: #231f20; text-align: justify;\">Im gesamten Bewerbungsprozess k\u00f6nnen unsere Kunden\u00a0nach Wunsch einzelne Workflow-Schritte in die H\u00e4nde der GiPsy<sup>\u00ae<\/sup> Beratungsgesellschaft geben oder selbst \u00fcbernehmen.<\/p>\n<p style=\" color: #231f20; text-align: justify;\">Von der Anzeigenschaltung, dem Erfassen eingehender Bewerbungen \u00fcber die Analyse und Bewertung der Unterlagen, das Planen und Durchf\u00fchren von Bewerbungsgespr\u00e4chen, den Einsatz weiterer Einstellungstests bis zur erfolgreichen Einarbeitung bieten wir an, Kunden bei Routineabl\u00e4ufen zu entlasten und mit Modulen klassischer Personalberatung f\u00fcr die optimale Einstellungsentscheidung zu unterst\u00fctzen.<\/p>\n<p>&nbsp;<\/p>\n<p><a href=\"http:\/\/www.gipsy.de\/Homepage\/Software\/wp-content\/uploads\/2015\/08\/Infografik-MySelect.jpg\" rel=\"attachment wp-att-94\"><img decoding=\"async\" loading=\"lazy\" class=\"alignnone size-medium wp-image-94\" src=\"http:\/\/www.gipsy.de\/Homepage\/Software\/wp-content\/uploads\/2015\/08\/Infografik-MySelect.jpg\" alt=\"Infografik MySelect.indd\" width=\"1\" height=\"1\" \/><\/a><a href=\"http:\/\/www.gipsy.de\/Homepage\/Software\/wp-content\/uploads\/2015\/08\/Infografik-MySelect.jpg\" rel=\"attachment wp-att-94\"><img decoding=\"async\" loading=\"lazy\" class=\"alignnone size-medium wp-image-94\" src=\"http:\/\/www.gipsy.de\/Homepage\/Software\/wp-content\/uploads\/2015\/08\/Infografik-MySelect.jpg\" alt=\"Infografik MySelect.indd\" width=\"1\" height=\"1\" \/><\/a><img src=\"http:\/\/www.gipsy.de\/Homepage\/Software\/wp-content\/uploads\/2015\/08\/Infografik-MySelect.jpg\" class=\"img-rounded\"><\/p>\n","protected":false},"excerpt":{"rendered":"<p>\u00dcberzeugende Funktionalit\u00e4t und Benutzerfreundlichkeit Als web basierte Software ist GiPsy\u00ae MySelect von \u00fcberall aus nutzbar. Ein verst\u00e4ndliches Rechtesystem erm\u00f6glicht es, Mitarbeiter mit verschiedenen Aufgaben zu beteiligen. Das Anlegen einzelner Stellen erfordert nur wenige Klicks. Flexibel zu\u00a0definierende Workflow-Schritte, Kommentar-, Filter- und Kennzeichnungsfunktionen schaffen auch bei zahlreichen Bewerbungen und parallelen Verfahren hervorragenden \u00dcberblick. Standardisierte Abl\u00e4ufe und automatisch<\/p>\n","protected":false},"author":1,"featured_media":0,"parent":0,"menu_order":0,"comment_status":"open","ping_status":"open","template":"","meta":[],"_links":{"self":[{"href":"http:\/\/www.gipsy.de\/Homepage\/Software\/wp-json\/wp\/v2\/pages\/46"}],"collection":[{"href":"http:\/\/www.gipsy.de\/Homepage\/Software\/wp-json\/wp\/v2\/pages"}],"about":[{"href":"http:\/\/www.gipsy.de\/Homepage\/Software\/wp-json\/wp\/v2\/types\/page"}],"author":[{"embeddable":true,"href":"http:\/\/www.gipsy.de\/Homepage\/Software\/wp-json\/wp\/v2\/users\/1"}],"replies":[{"embeddable":true,"href":"http:\/\/www.gipsy.de\/Homepage\/Software\/wp-json\/wp\/v2\/comments?post=46"}],"version-history":[{"count":16,"href":"http:\/\/www.gipsy.de\/Homepage\/Software\/wp-json\/wp\/v2\/pages\/46\/revisions"}],"predecessor-version":[{"id":213,"href":"http:\/\/www.gipsy.de\/Homepage\/Software\/wp-json\/wp\/v2\/pages\/46\/revisions\/213"}],"wp:attachment":[{"href":"http:\/\/www.gipsy.de\/Homepage\/Software\/wp-json\/wp\/v2\/media?parent=46"}],"curies":[{"name":"wp","href":"https:\/\/api.w.org\/{rel}","templated":true}]}}