{"id":33,"date":"2015-08-24T09:16:24","date_gmt":"2015-08-24T07:16:24","guid":{"rendered":"http:\/\/www.gipsy.de\/Homepage\/Software\/?page_id=33"},"modified":"2019-01-28T09:55:04","modified_gmt":"2019-01-28T08:55:04","slug":"softwareloesungen","status":"publish","type":"page","link":"http:\/\/www.gipsy.de\/Homepage\/Software\/softwareloesungen\/","title":{"rendered":"Softwarel\u00f6sungen"},"content":{"rendered":"<h2 style=\"color:#ad0300;\">Automobilbranche<\/h2>\n<p><h3>Die GiPsy<sup>\u00ae<\/sup> Verg\u00fctungssoftware<\/h3>\n<p style=\"color: #231f20; text-align: justify;\">Es gibt inzwischen eine Reihe von Betrieben, die seit \u00fcber 10 Jahren kontinuierlich und erfolgreich mit der Verg\u00fctungssoftware GiPsy<sup>\u00ae<\/sup>  ProVision und <em style=\" color:#00aaad;\">SerVision<\/em> arbeiten. Durch die Anbindung zur EVA k\u00f6nnen die relevanten Gesch\u00e4ftsdaten heute in wenigen Sekunden in die Provisionsberechnung \u00fcbernommen werden, was die Akzeptanz bei den Verk\u00e4ufern nochmals deutlich erh\u00f6ht hat.<\/p>\n<p style=\"color:#231f20; text-align: justify;\">Die Verg\u00fctungssoftware GiPsy<sup>\u00ae<\/sup>  SerVision, die wir in Zusammenarbeit mit Kollegen der Audi AG konzipiert haben, wird inzwischen von der Volkswagenorganisation empfohlen und aufgrund der dynamischen Verg\u00fctungsmodelle, der Transparenz der Daten und der vollkommen automatischen Berechnung von Service-Leitern sehr gesch\u00e4tzt. Auch diese Software ist schon seit \u00fcber 6 Jahren erfolgreich im Einsatz.<\/p>\n<p style=\"color:#231f20; text-align: justify;\">Es zeigt sich, dass die Nutzung f\u00fcr Betriebe aller Gr\u00f6\u00dfenordnungen gleicherma\u00dfen geeignet ist. Das kleinste von uns betreute Autohaus arbeitet mit 2 Lizenzen, das gr\u00f6\u00dfte mit \u00fcber 150 aktiven Lizenzen.<\/p>\n<p style=\"color:#231f20; text-align: justify;\">Die neue Software <em style=\"color: #00aaad;\">GiPsy<sup>\u00ae<\/sup> ProReport<\/em> revolutioniert das Controlling im Verkauf und Service: Anstelle unz\u00e4hliger Excel Tabellen, die oft m\u00fchsam von Hand gef\u00fcllt werden mussten, steht jetzt ein Tool, das zeitnah alle wichtigen operativen Kennzahlen liefert und diese nach Bedarf auf Gruppenebene, regional oder nach Standorten bzw. nach Verk\u00e4ufer oder weiteren wichtigen Kenngr\u00f6\u00dfen aufgliedert. Die Steuerung der Mitarbeiter wird mit diesen Zahlen erheblich erleichtert.<\/p>\n<\/p>\n<h2 style=\"color:#ad0300;\">Bewerbermanagement<\/h2>\n<p><h3 id=\"myselect\">GiPsy<sup>\u00ae<\/sup>  MySelect\u00a0\u2013 Aus der Praxis f\u00fcr die Praxis<\/h3>\n<p style=\"color:#231f20; text-align: justify;\">Zahlreiche unbearbeitete Bewerbungen und Sie haben nicht die Zeit, die ganzen E-Mail- und Postbewerbungen abzuarbeiten? Ihre Angst ist gro\u00df, bei dem herrschenden Fachkr\u00e4ftemangel zu sp\u00e4t zu reagieren und die guten Bewerber an die Konkurrenz zu verlieren?<\/p>\n<p style=\"color:#231f20; text-align: justify;\">Mit unserer web basierten Software <a style=\"color: #00aaad;\" href=\"http:\/\/gipsy.de\/Homepage\/Beratung\/bewerbermanagement-software\/#myselect\">GiPsy<sup>\u00ae<\/sup>\u00a0MySelect<\/a> k\u00f6nnen Sie Ihr Bewerbermanagement effizient und flexibel gestalten.<\/p>\n<\/p>\n<p>&nbsp;<\/p>\n","protected":false},"excerpt":{"rendered":"<p>Automobilbranche Die GiPsy\u00ae Verg\u00fctungssoftware Es gibt inzwischen eine Reihe von Betrieben, die seit \u00fcber 10 Jahren kontinuierlich und erfolgreich mit der Verg\u00fctungssoftware GiPsy\u00ae ProVision und SerVision arbeiten. Durch die Anbindung zur EVA k\u00f6nnen die relevanten Gesch\u00e4ftsdaten heute in wenigen Sekunden in die Provisionsberechnung \u00fcbernommen werden, was die Akzeptanz bei den Verk\u00e4ufern nochmals deutlich erh\u00f6ht hat.<\/p>\n","protected":false},"author":1,"featured_media":0,"parent":0,"menu_order":0,"comment_status":"open","ping_status":"open","template":"","meta":[],"_links":{"self":[{"href":"http:\/\/www.gipsy.de\/Homepage\/Software\/wp-json\/wp\/v2\/pages\/33"}],"collection":[{"href":"http:\/\/www.gipsy.de\/Homepage\/Software\/wp-json\/wp\/v2\/pages"}],"about":[{"href":"http:\/\/www.gipsy.de\/Homepage\/Software\/wp-json\/wp\/v2\/types\/page"}],"author":[{"embeddable":true,"href":"http:\/\/www.gipsy.de\/Homepage\/Software\/wp-json\/wp\/v2\/users\/1"}],"replies":[{"embeddable":true,"href":"http:\/\/www.gipsy.de\/Homepage\/Software\/wp-json\/wp\/v2\/comments?post=33"}],"version-history":[{"count":18,"href":"http:\/\/www.gipsy.de\/Homepage\/Software\/wp-json\/wp\/v2\/pages\/33\/revisions"}],"predecessor-version":[{"id":218,"href":"http:\/\/www.gipsy.de\/Homepage\/Software\/wp-json\/wp\/v2\/pages\/33\/revisions\/218"}],"wp:attachment":[{"href":"http:\/\/www.gipsy.de\/Homepage\/Software\/wp-json\/wp\/v2\/media?parent=33"}],"curies":[{"name":"wp","href":"https:\/\/api.w.org\/{rel}","templated":true}]}}