{"id":172,"date":"2018-07-09T08:16:08","date_gmt":"2018-07-09T06:16:08","guid":{"rendered":"http:\/\/www.gipsy.de\/Homepage\/Software\/?page_id=172"},"modified":"2019-01-28T09:49:53","modified_gmt":"2019-01-28T08:49:53","slug":"impressum","status":"publish","type":"page","link":"http:\/\/www.gipsy.de\/Homepage\/Software\/impressum\/","title":{"rendered":"Impressum"},"content":{"rendered":"<h2 style=\"color: #ad0300;\">Impressum<\/h2>\n<h3 style=\"color: #00aaad;\">Inhaltsverantwortlicher:<\/h3>\n<h4><span style=\"color: #00aaad;\">GiPsy<sup>\u00ae<\/sup><\/span><span style=\"color: #ad0300;\">Software Solutions GmbH<\/span><\/h4>\n<p>&nbsp;<\/p>\n<h3 style=\"color: #00aaad;\">Sitz der Gesellschaft:<\/h3>\n<p><span style=\"color: #231f20;\">Hospitalstra\u00dfe 2b<br \/>\n53567 Asbach<\/span><\/p>\n<p><span style=\"color: #00aaad;\">Tel.:<\/span><span style=\"color: #231f20;\">+49 (2683) 9 46 95 -0<\/span><br \/>\n<span style=\"color: #00aaad;\">Fax:<\/span><span style=\"color: #231f20;\">+49 (2683) 9 46 95 -15<\/span><br \/>\n<span style=\"color: #00aaad;\">E-mail:<\/span><a href=\"mailto:info@gipsy.de\"><span style=\"color: #231f20;\">info@gipsy.de<\/span><\/a><\/p>\n<p><span style=\"color: #00aaad;\"><strong>Gesch\u00e4ftsf\u00fchrer:<\/strong><\/span><br \/>\n<span style=\"color: #231f20;\">Dipl.-Psychologe Willibrord Kramer<\/span><br \/>\n<span style=\"color: #231f20;\">Handelsregisternummer: AG Montabaur HRB 12984<\/span><br \/>\n<span style=\"color: #231f20;\">USt-ID: 163 802 695<\/span><\/p>\n<p><span style=\"color: #00aaad;\"><strong>Layoutverantwortlicher:<\/strong><\/span><br \/>\n<span style=\"color: #231f20;\">Melanie Seiverth<\/span><br \/>\n<span style=\"color: #005095;\">c\/o GiPsy<sup>\u00ae<\/sup><\/span><span style=\"color: #ff941e;\"> Beratungsgesellschaft f\u00fcr Personal &#038; Organisation mbH<\/span><br \/>\n<span style=\"color: #231f20; text-align: justify;\">Hospitalstra\u00dfe 2b<br \/>\n53567 Asbach<\/span><\/p>\n<p><span style=\"color: #00aaad;\"><strong>Datenschutzbeauftragter:<\/strong><\/span><br \/>\n<span style=\"color: #231f20;\">Harald Buslei<\/span><br \/>\n<span style=\"color: #005095;\">c\/o GiPsy<sup>\u00ae<\/sup><\/span><span style=\"color: #ff941e;\"> Beratungsgesellschaft f\u00fcr Personal &#038; Organisation mbH<\/span><br \/>\n<span style=\"color: #231f20; text-align: justify;\">Hospitalstra\u00dfe 2b<br \/>\n53567 Asbach<\/span><br \/>\n&nbsp;<\/p>\n","protected":false},"excerpt":{"rendered":"<p>Impressum Inhaltsverantwortlicher: GiPsy\u00aeSoftware Solutions GmbH &nbsp; Sitz der Gesellschaft: Hospitalstra\u00dfe 2b 53567 Asbach Tel.:+49 (2683) 9 46 95 -0 Fax:+49 (2683) 9 46 95 -15 E-mail:info@gipsy.de Gesch\u00e4ftsf\u00fchrer: Dipl.-Psychologe Willibrord Kramer Handelsregisternummer: AG Montabaur HRB 12984 USt-ID: 163 802 695 Layoutverantwortlicher: Melanie Seiverth c\/o GiPsy\u00ae Beratungsgesellschaft f\u00fcr Personal &#038; Organisation mbH Hospitalstra\u00dfe 2b 53567 Asbach Datenschutzbeauftragter:<\/p>\n","protected":false},"author":1,"featured_media":0,"parent":0,"menu_order":0,"comment_status":"closed","ping_status":"closed","template":"","meta":[],"_links":{"self":[{"href":"http:\/\/www.gipsy.de\/Homepage\/Software\/wp-json\/wp\/v2\/pages\/172"}],"collection":[{"href":"http:\/\/www.gipsy.de\/Homepage\/Software\/wp-json\/wp\/v2\/pages"}],"about":[{"href":"http:\/\/www.gipsy.de\/Homepage\/Software\/wp-json\/wp\/v2\/types\/page"}],"author":[{"embeddable":true,"href":"http:\/\/www.gipsy.de\/Homepage\/Software\/wp-json\/wp\/v2\/users\/1"}],"replies":[{"embeddable":true,"href":"http:\/\/www.gipsy.de\/Homepage\/Software\/wp-json\/wp\/v2\/comments?post=172"}],"version-history":[{"count":6,"href":"http:\/\/www.gipsy.de\/Homepage\/Software\/wp-json\/wp\/v2\/pages\/172\/revisions"}],"predecessor-version":[{"id":224,"href":"http:\/\/www.gipsy.de\/Homepage\/Software\/wp-json\/wp\/v2\/pages\/172\/revisions\/224"}],"wp:attachment":[{"href":"http:\/\/www.gipsy.de\/Homepage\/Software\/wp-json\/wp\/v2\/media?parent=172"}],"curies":[{"name":"wp","href":"https:\/\/api.w.org\/{rel}","templated":true}]}}