{"id":10,"date":"2015-04-01T11:44:48","date_gmt":"2015-04-01T09:44:48","guid":{"rendered":"http:\/\/www.gipsy.de\/Homepage\/Software\/?page_id=10"},"modified":"2019-01-28T09:46:05","modified_gmt":"2019-01-28T08:46:05","slug":"gipsy","status":"publish","type":"page","link":"http:\/\/www.gipsy.de\/Homepage\/Software\/","title":{"rendered":"GiPsy"},"content":{"rendered":"<h2 style=\"color: #ad0300;\">Was ist die GiPsy<sup>\u00ae<\/sup> Software Solutions?<\/h2>\n<p style=\"color: #231f20; text-align: justify;\">Die GiPsy<sup>\u00ae<\/sup> Software Solutions GmbH bietet ihren Kunden Unterst\u00fctzung bei der Programmierung von Anwendungen aller Art. Daneben werden eigene Softwareprojekte entwickelt und vermarktet.<\/p>\n<p style=\"color: #231f20; text-align: justify;\">Unsere Verg\u00fctungs- und Controllingsoftware ProVision und SerVision sowie ProReport f\u00fcr den Sales bzw. After Sales Bereich von Autoh\u00e4usern sind inzwischen weitr\u00e4umig verbreitet und werden als praktische Tools zur schnellen und transparenten Berechnung von Provisionen von unseren Autohauskunden sehr gesch\u00e4tzt.<\/p>\n<p style=\"color: #231f20; text-align: justify;\">In unserer Entwicklungsabteilung arbeiten qualifizierte Software-Entwickler mit verschiedenen Erfahrungshintergr\u00fcnden und Spezialisierungen. Mit vereinten Kr\u00e4ften setzen sie jeden Tag alles daran, unsere Software weiterzuentwickeln und zu optimieren.\n<\/p>\n<h3>Das Besondere daran:<\/h3>\n<p style=\"color: #231f20; text-align: justify;\">Unsere Entwickler passen die Software flexibel an die Anforderungen, die sich aus der t\u00e4glichen Arbeit ergeben an. So k\u00f6nnen unsere Kunden ma\u00dfgeblich Einfluss auf die Weiterentwicklung nehmen und wir k\u00f6nnen maximale Praxisn\u00e4he garantieren. F\u00fcr alle Fragen rund um unsere Software steht Ihnen unser Kunden-Support pers\u00f6nlich zur Verf\u00fcgung. Wir freuen uns, wenn wir Ihnen helfen k\u00f6nnen!<\/p>\n<p>&nbsp;<\/p>\n","protected":false},"excerpt":{"rendered":"<p>Was ist die GiPsy\u00ae Software Solutions? Die GiPsy\u00ae Software Solutions GmbH bietet ihren Kunden Unterst\u00fctzung bei der Programmierung von Anwendungen aller Art. Daneben werden eigene Softwareprojekte entwickelt und vermarktet. Unsere Verg\u00fctungs- und Controllingsoftware ProVision und SerVision sowie ProReport f\u00fcr den Sales bzw. After Sales Bereich von Autoh\u00e4usern sind inzwischen weitr\u00e4umig verbreitet und werden als praktische<\/p>\n","protected":false},"author":1,"featured_media":0,"parent":0,"menu_order":0,"comment_status":"open","ping_status":"open","template":"","meta":[],"_links":{"self":[{"href":"http:\/\/www.gipsy.de\/Homepage\/Software\/wp-json\/wp\/v2\/pages\/10"}],"collection":[{"href":"http:\/\/www.gipsy.de\/Homepage\/Software\/wp-json\/wp\/v2\/pages"}],"about":[{"href":"http:\/\/www.gipsy.de\/Homepage\/Software\/wp-json\/wp\/v2\/types\/page"}],"author":[{"embeddable":true,"href":"http:\/\/www.gipsy.de\/Homepage\/Software\/wp-json\/wp\/v2\/users\/1"}],"replies":[{"embeddable":true,"href":"http:\/\/www.gipsy.de\/Homepage\/Software\/wp-json\/wp\/v2\/comments?post=10"}],"version-history":[{"count":15,"href":"http:\/\/www.gipsy.de\/Homepage\/Software\/wp-json\/wp\/v2\/pages\/10\/revisions"}],"predecessor-version":[{"id":210,"href":"http:\/\/www.gipsy.de\/Homepage\/Software\/wp-json\/wp\/v2\/pages\/10\/revisions\/210"}],"wp:attachment":[{"href":"http:\/\/www.gipsy.de\/Homepage\/Software\/wp-json\/wp\/v2\/media?parent=10"}],"curies":[{"name":"wp","href":"https:\/\/api.w.org\/{rel}","templated":true}]}}